{"id":9,"date":"2023-10-03T12:41:31","date_gmt":"2023-10-03T12:41:31","guid":{"rendered":"https:\/\/www.hoffcph.com\/?page_id=9"},"modified":"2025-07-16T10:28:55","modified_gmt":"2025-07-16T10:28:55","slug":"hoff-copenhagen-event","status":"publish","type":"page","link":"https:\/\/www.hoffcph.com\/en\/","title":{"rendered":"Hoff Copenhagen"},"content":{"rendered":"<div data-elementor-type=\"wp-page\" data-elementor-id=\"9\" class=\"elementor elementor-9\" data-elementor-post-type=\"page\">\n\t\t\t\t<div class=\"elementor-element elementor-element-f216be5 e-con-full elementor-hidden-tablet elementor-hidden-mobile e-flex e-con e-parent\" data-id=\"f216be5\" data-element_type=\"container\" data-e-type=\"container\" data-settings=\"{&quot;background_background&quot;:&quot;video&quot;,&quot;background_play_on_mobile&quot;:&quot;yes&quot;,&quot;background_video_link&quot;:&quot;https:\\\/\\\/www.hoffcph.com\\\/wp-content\\\/uploads\\\/2023\\\/12\\\/HoffCPH_nogfx_1.mp4&quot;}\">\n\t\t<div class=\"elementor-background-video-container\">\n\t\t\t\t\t\t\t<video class=\"elementor-background-video-hosted\" role=\"presentation\" autoplay muted playsinline loop><\/video>\n\t\t\t\t\t<\/div><div class=\"elementor-element elementor-element-288a54d e-con-full e-flex e-con e-child\" data-id=\"288a54d\" data-element_type=\"container\" data-e-type=\"container\" data-settings=\"{&quot;background_background&quot;:&quot;video&quot;}\">\n\t\t\t\t<div class=\"elementor-element elementor-element-ed5f0ad elementor-widget elementor-widget-image\" data-id=\"ed5f0ad\" data-element_type=\"widget\" data-e-type=\"widget\" data-widget_type=\"image.default\">\n\t\t\t\t<div class=\"elementor-widget-container\">\n\t\t\t\t\t\t\t\t\t\t\t\t\t\t\t<img fetchpriority=\"high\" decoding=\"async\" width=\"800\" height=\"335\" src=\"https:\/\/www.hoffcph.com\/wp-content\/uploads\/2023\/10\/HOFFCPH_logo_2023_tagline_Gold.png\" class=\"attachment-large size-large wp-image-30\" alt=\"\" srcset=\"https:\/\/www.hoffcph.com\/wp-content\/uploads\/2023\/10\/HOFFCPH_logo_2023_tagline_Gold.png 800w, https:\/\/www.hoffcph.com\/wp-content\/uploads\/2023\/10\/HOFFCPH_logo_2023_tagline_Gold-300x126.png 300w, https:\/\/www.hoffcph.com\/wp-content\/uploads\/2023\/10\/HOFFCPH_logo_2023_tagline_Gold-768x322.png 768w\" sizes=\"(max-width: 800px) 100vw, 800px\" \/>\t\t\t\t\t\t\t\t\t\t\t\t\t\t\t<\/div>\n\t\t\t\t<\/div>\n\t\t\t\t<div class=\"elementor-element elementor-element-28ae12f elementor-align-center elementor-widget elementor-widget-button\" data-id=\"28ae12f\" data-element_type=\"widget\" data-e-type=\"widget\" data-widget_type=\"button.default\">\n\t\t\t\t<div class=\"elementor-widget-container\">\n\t\t\t\t\t\t\t\t\t<div class=\"elementor-button-wrapper\">\n\t\t\t\t\t<a class=\"elementor-button elementor-button-link elementor-size-sm\" href=\"https:\/\/www.hoffcph.com\/en\/hvem-er-vi\/\">\n\t\t\t\t\t\t<span class=\"elementor-button-content-wrapper\">\n\t\t\t\t\t\t\t\t\t<span class=\"elementor-button-text\">VISIT<\/span>\n\t\t\t\t\t<\/span>\n\t\t\t\t\t<\/a>\n\t\t\t\t<\/div>\n\t\t\t\t\t\t\t\t<\/div>\n\t\t\t\t<\/div>\n\t\t\t\t<\/div>\n\t\t\t\t<\/div>\n\t\t<div class=\"elementor-element elementor-element-20bfdab e-con-full elementor-hidden-widescreen elementor-hidden-desktop e-flex e-con e-parent\" data-id=\"20bfdab\" data-element_type=\"container\" data-e-type=\"container\" data-settings=\"{&quot;background_background&quot;:&quot;video&quot;,&quot;background_play_on_mobile&quot;:&quot;yes&quot;,&quot;background_video_link&quot;:&quot;https:\\\/\\\/www.hoffcph.com\\\/wp-content\\\/uploads\\\/2025\\\/07\\\/HoffMobile.mp4&quot;}\">\n\t\t<div class=\"elementor-background-video-container\">\n\t\t\t\t\t\t\t<video class=\"elementor-background-video-hosted\" role=\"presentation\" autoplay muted playsinline loop><\/video>\n\t\t\t\t\t<\/div><div class=\"elementor-element elementor-element-d81db04 e-con-full e-flex e-con e-child\" data-id=\"d81db04\" data-element_type=\"container\" data-e-type=\"container\" data-settings=\"{&quot;background_background&quot;:&quot;video&quot;}\">\n\t\t\t\t<div class=\"elementor-element elementor-element-1a8ac53 elementor-widget elementor-widget-image\" data-id=\"1a8ac53\" data-element_type=\"widget\" data-e-type=\"widget\" data-widget_type=\"image.default\">\n\t\t\t\t<div class=\"elementor-widget-container\">\n\t\t\t\t\t\t\t\t\t\t\t\t\t\t\t<img fetchpriority=\"high\" decoding=\"async\" width=\"800\" height=\"335\" src=\"https:\/\/www.hoffcph.com\/wp-content\/uploads\/2023\/10\/HOFFCPH_logo_2023_tagline_Gold.png\" class=\"attachment-large size-large wp-image-30\" alt=\"\" srcset=\"https:\/\/www.hoffcph.com\/wp-content\/uploads\/2023\/10\/HOFFCPH_logo_2023_tagline_Gold.png 800w, https:\/\/www.hoffcph.com\/wp-content\/uploads\/2023\/10\/HOFFCPH_logo_2023_tagline_Gold-300x126.png 300w, https:\/\/www.hoffcph.com\/wp-content\/uploads\/2023\/10\/HOFFCPH_logo_2023_tagline_Gold-768x322.png 768w\" sizes=\"(max-width: 800px) 100vw, 800px\" \/>\t\t\t\t\t\t\t\t\t\t\t\t\t\t\t<\/div>\n\t\t\t\t<\/div>\n\t\t\t\t<div class=\"elementor-element elementor-element-0775cb0 elementor-align-center elementor-widget elementor-widget-button\" data-id=\"0775cb0\" data-element_type=\"widget\" data-e-type=\"widget\" data-widget_type=\"button.default\">\n\t\t\t\t<div class=\"elementor-widget-container\">\n\t\t\t\t\t\t\t\t\t<div class=\"elementor-button-wrapper\">\n\t\t\t\t\t<a class=\"elementor-button elementor-button-link elementor-size-sm\" href=\"https:\/\/www.hoffcph.com\/en\/hvem-er-vi\/\">\n\t\t\t\t\t\t<span class=\"elementor-button-content-wrapper\">\n\t\t\t\t\t\t\t\t\t<span class=\"elementor-button-text\">VISIT<\/span>\n\t\t\t\t\t<\/span>\n\t\t\t\t\t<\/a>\n\t\t\t\t<\/div>\n\t\t\t\t\t\t\t\t<\/div>\n\t\t\t\t<\/div>\n\t\t\t\t<\/div>\n\t\t\t\t<\/div>\n\t\t\t\t<\/div>","protected":false},"excerpt":{"rendered":"<p>BES\u00d8G BES\u00d8G<\/p>","protected":false},"author":1,"featured_media":0,"parent":0,"menu_order":0,"comment_status":"closed","ping_status":"closed","template":"elementor_canvas","meta":{"inline_featured_image":false,"footnotes":""},"class_list":["post-9","page","type-page","status-publish","hentry"],"yoast_head":"<!-- This site is optimized with the Yoast SEO plugin v27.4 - https:\/\/yoast.com\/product\/yoast-seo-wordpress\/ -->\n<title>Hoff Copenhagen - Events<\/title>\n<meta name=\"description\" content=\"Hoff Copenhagen arrangerer sm\u00e5 og store events, konferencer, firmature, ferniseringer, receptioner og andre private n\u00e6rv\u00e6rende arrangementer.\" \/>\n<meta name=\"robots\" content=\"index, follow, max-snippet:-1, max-image-preview:large, max-video-preview:-1\" \/>\n<link rel=\"canonical\" href=\"https:\/\/www.hoffcph.com\/en\/\" \/>\n<meta property=\"og:locale\" content=\"en_GB\" \/>\n<meta property=\"og:type\" content=\"article\" \/>\n<meta property=\"og:title\" content=\"Hoff Copenhagen Event\" \/>\n<meta property=\"og:description\" content=\"Hoff Copenhagen arrangerer sm\u00e5 og store events, firmature, foredrag, ferniseringer, receptioner og andre n\u00e6rv\u00e6rende arrangementer\" \/>\n<meta property=\"og:url\" content=\"https:\/\/www.hoffcph.com\/en\/\" \/>\n<meta property=\"og:site_name\" content=\"Events\" \/>\n<meta property=\"article:modified_time\" content=\"2025-07-16T10:28:55+00:00\" \/>\n<meta property=\"og:image\" content=\"https:\/\/www.hoffcph.com\/wp-content\/uploads\/2023\/12\/HOFF_Add.jpg\" \/>\n\t<meta property=\"og:image:width\" content=\"900\" \/>\n\t<meta property=\"og:image:height\" content=\"600\" \/>\n\t<meta property=\"og:image:type\" content=\"image\/jpeg\" \/>\n<meta name=\"twitter:card\" content=\"summary_large_image\" \/>\n<meta name=\"twitter:label1\" content=\"Estimated reading time\" \/>\n\t<meta name=\"twitter:data1\" content=\"1 minute\" \/>\n<script type=\"application\/ld+json\" class=\"yoast-schema-graph\">{\"@context\":\"https:\\\/\\\/schema.org\",\"@graph\":[{\"@type\":\"WebPage\",\"@id\":\"https:\\\/\\\/www.hoffcph.com\\\/\",\"url\":\"https:\\\/\\\/www.hoffcph.com\\\/\",\"name\":\"Hoff Copenhagen - Events\",\"isPartOf\":{\"@id\":\"https:\\\/\\\/www.hoffcph.com\\\/#website\"},\"primaryImageOfPage\":{\"@id\":\"https:\\\/\\\/www.hoffcph.com\\\/#primaryimage\"},\"image\":{\"@id\":\"https:\\\/\\\/www.hoffcph.com\\\/#primaryimage\"},\"thumbnailUrl\":\"https:\\\/\\\/www.hoffcph.com\\\/wp-content\\\/uploads\\\/2023\\\/10\\\/HOFFCPH_logo_2023_tagline_Gold.png\",\"datePublished\":\"2023-10-03T12:41:31+00:00\",\"dateModified\":\"2025-07-16T10:28:55+00:00\",\"description\":\"Hoff Copenhagen arrangerer sm\u00e5 og store events, konferencer, firmature, ferniseringer, receptioner og andre private n\u00e6rv\u00e6rende arrangementer.\",\"breadcrumb\":{\"@id\":\"https:\\\/\\\/www.hoffcph.com\\\/#breadcrumb\"},\"inLanguage\":\"en-GB\",\"potentialAction\":[{\"@type\":\"ReadAction\",\"target\":[\"https:\\\/\\\/www.hoffcph.com\\\/\"]}]},{\"@type\":\"ImageObject\",\"inLanguage\":\"en-GB\",\"@id\":\"https:\\\/\\\/www.hoffcph.com\\\/#primaryimage\",\"url\":\"https:\\\/\\\/www.hoffcph.com\\\/wp-content\\\/uploads\\\/2023\\\/10\\\/HOFFCPH_logo_2023_tagline_Gold.png\",\"contentUrl\":\"https:\\\/\\\/www.hoffcph.com\\\/wp-content\\\/uploads\\\/2023\\\/10\\\/HOFFCPH_logo_2023_tagline_Gold.png\"},{\"@type\":\"BreadcrumbList\",\"@id\":\"https:\\\/\\\/www.hoffcph.com\\\/#breadcrumb\",\"itemListElement\":[{\"@type\":\"ListItem\",\"position\":1,\"name\":\"Hjem\",\"item\":\"https:\\\/\\\/www.hoffcph.com\\\/\"},{\"@type\":\"ListItem\",\"position\":2,\"name\":\"Hoff Copenhagen\"}]},{\"@type\":\"WebSite\",\"@id\":\"https:\\\/\\\/www.hoffcph.com\\\/#website\",\"url\":\"https:\\\/\\\/www.hoffcph.com\\\/\",\"name\":\"Events\",\"description\":\"\",\"publisher\":{\"@id\":\"https:\\\/\\\/www.hoffcph.com\\\/#organization\"},\"potentialAction\":[{\"@type\":\"SearchAction\",\"target\":{\"@type\":\"EntryPoint\",\"urlTemplate\":\"https:\\\/\\\/www.hoffcph.com\\\/?s={search_term_string}\"},\"query-input\":{\"@type\":\"PropertyValueSpecification\",\"valueRequired\":true,\"valueName\":\"search_term_string\"}}],\"inLanguage\":\"en-GB\"},{\"@type\":\"Organization\",\"@id\":\"https:\\\/\\\/www.hoffcph.com\\\/#organization\",\"name\":\"Events\",\"url\":\"https:\\\/\\\/www.hoffcph.com\\\/\",\"logo\":{\"@type\":\"ImageObject\",\"inLanguage\":\"en-GB\",\"@id\":\"https:\\\/\\\/www.hoffcph.com\\\/#\\\/schema\\\/logo\\\/image\\\/\",\"url\":\"https:\\\/\\\/www.hoffcph.com\\\/wp-content\\\/uploads\\\/2023\\\/10\\\/HOFFCPH_logo_2023_tagline_Gold.png\",\"contentUrl\":\"https:\\\/\\\/www.hoffcph.com\\\/wp-content\\\/uploads\\\/2023\\\/10\\\/HOFFCPH_logo_2023_tagline_Gold.png\",\"width\":800,\"height\":335,\"caption\":\"Events\"},\"image\":{\"@id\":\"https:\\\/\\\/www.hoffcph.com\\\/#\\\/schema\\\/logo\\\/image\\\/\"}}]}<\/script>\n<!-- \/ Yoast SEO plugin. -->","yoast_head_json":{"title":"Hoff Copenhagen - Events","description":"Hoff Copenhagen arrangerer sm\u00e5 og store events, konferencer, firmature, ferniseringer, receptioner og andre private n\u00e6rv\u00e6rende arrangementer.","robots":{"index":"index","follow":"follow","max-snippet":"max-snippet:-1","max-image-preview":"max-image-preview:large","max-video-preview":"max-video-preview:-1"},"canonical":"https:\/\/www.hoffcph.com\/en\/","og_locale":"en_GB","og_type":"article","og_title":"Hoff Copenhagen Event","og_description":"Hoff Copenhagen arrangerer sm\u00e5 og store events, firmature, foredrag, ferniseringer, receptioner og andre n\u00e6rv\u00e6rende arrangementer","og_url":"https:\/\/www.hoffcph.com\/en\/","og_site_name":"Events","article_modified_time":"2025-07-16T10:28:55+00:00","og_image":[{"width":900,"height":600,"url":"https:\/\/www.hoffcph.com\/wp-content\/uploads\/2023\/12\/HOFF_Add.jpg","type":"image\/jpeg"}],"twitter_card":"summary_large_image","twitter_misc":{"Estimated reading time":"1 minute"},"schema":{"@context":"https:\/\/schema.org","@graph":[{"@type":"WebPage","@id":"https:\/\/www.hoffcph.com\/","url":"https:\/\/www.hoffcph.com\/","name":"Hoff Copenhagen - Events","isPartOf":{"@id":"https:\/\/www.hoffcph.com\/#website"},"primaryImageOfPage":{"@id":"https:\/\/www.hoffcph.com\/#primaryimage"},"image":{"@id":"https:\/\/www.hoffcph.com\/#primaryimage"},"thumbnailUrl":"https:\/\/www.hoffcph.com\/wp-content\/uploads\/2023\/10\/HOFFCPH_logo_2023_tagline_Gold.png","datePublished":"2023-10-03T12:41:31+00:00","dateModified":"2025-07-16T10:28:55+00:00","description":"Hoff Copenhagen arrangerer sm\u00e5 og store events, konferencer, firmature, ferniseringer, receptioner og andre private n\u00e6rv\u00e6rende arrangementer.","breadcrumb":{"@id":"https:\/\/www.hoffcph.com\/#breadcrumb"},"inLanguage":"en-GB","potentialAction":[{"@type":"ReadAction","target":["https:\/\/www.hoffcph.com\/"]}]},{"@type":"ImageObject","inLanguage":"en-GB","@id":"https:\/\/www.hoffcph.com\/#primaryimage","url":"https:\/\/www.hoffcph.com\/wp-content\/uploads\/2023\/10\/HOFFCPH_logo_2023_tagline_Gold.png","contentUrl":"https:\/\/www.hoffcph.com\/wp-content\/uploads\/2023\/10\/HOFFCPH_logo_2023_tagline_Gold.png"},{"@type":"BreadcrumbList","@id":"https:\/\/www.hoffcph.com\/#breadcrumb","itemListElement":[{"@type":"ListItem","position":1,"name":"Hjem","item":"https:\/\/www.hoffcph.com\/"},{"@type":"ListItem","position":2,"name":"Hoff Copenhagen"}]},{"@type":"WebSite","@id":"https:\/\/www.hoffcph.com\/#website","url":"https:\/\/www.hoffcph.com\/","name":"Events","description":"","publisher":{"@id":"https:\/\/www.hoffcph.com\/#organization"},"potentialAction":[{"@type":"SearchAction","target":{"@type":"EntryPoint","urlTemplate":"https:\/\/www.hoffcph.com\/?s={search_term_string}"},"query-input":{"@type":"PropertyValueSpecification","valueRequired":true,"valueName":"search_term_string"}}],"inLanguage":"en-GB"},{"@type":"Organization","@id":"https:\/\/www.hoffcph.com\/#organization","name":"Events","url":"https:\/\/www.hoffcph.com\/","logo":{"@type":"ImageObject","inLanguage":"en-GB","@id":"https:\/\/www.hoffcph.com\/#\/schema\/logo\/image\/","url":"https:\/\/www.hoffcph.com\/wp-content\/uploads\/2023\/10\/HOFFCPH_logo_2023_tagline_Gold.png","contentUrl":"https:\/\/www.hoffcph.com\/wp-content\/uploads\/2023\/10\/HOFFCPH_logo_2023_tagline_Gold.png","width":800,"height":335,"caption":"Events"},"image":{"@id":"https:\/\/www.hoffcph.com\/#\/schema\/logo\/image\/"}}]}},"_links":{"self":[{"href":"https:\/\/www.hoffcph.com\/en\/wp-json\/wp\/v2\/pages\/9","targetHints":{"allow":["GET"]}}],"collection":[{"href":"https:\/\/www.hoffcph.com\/en\/wp-json\/wp\/v2\/pages"}],"about":[{"href":"https:\/\/www.hoffcph.com\/en\/wp-json\/wp\/v2\/types\/page"}],"author":[{"embeddable":true,"href":"https:\/\/www.hoffcph.com\/en\/wp-json\/wp\/v2\/users\/1"}],"replies":[{"embeddable":true,"href":"https:\/\/www.hoffcph.com\/en\/wp-json\/wp\/v2\/comments?post=9"}],"version-history":[{"count":114,"href":"https:\/\/www.hoffcph.com\/en\/wp-json\/wp\/v2\/pages\/9\/revisions"}],"predecessor-version":[{"id":1461,"href":"https:\/\/www.hoffcph.com\/en\/wp-json\/wp\/v2\/pages\/9\/revisions\/1461"}],"wp:attachment":[{"href":"https:\/\/www.hoffcph.com\/en\/wp-json\/wp\/v2\/media?parent=9"}],"curies":[{"name":"wp","href":"https:\/\/api.w.org\/{rel}","templated":true}]}}