{"id":227,"date":"2023-10-29T18:33:29","date_gmt":"2023-10-29T18:33:29","guid":{"rendered":"https:\/\/www.hoffcph.com\/?page_id=227"},"modified":"2024-07-28T10:53:54","modified_gmt":"2024-07-28T10:53:54","slug":"golf-events","status":"publish","type":"page","link":"https:\/\/www.hoffcph.com\/en\/golf-events\/","title":{"rendered":"Golf events"},"content":{"rendered":"<div data-elementor-type=\"wp-page\" data-elementor-id=\"227\" class=\"elementor elementor-227\" data-elementor-post-type=\"page\">\n\t\t\t\t<div class=\"elementor-element elementor-element-4dc57ef6 e-con-full e-flex e-con e-parent\" data-id=\"4dc57ef6\" data-element_type=\"container\" data-e-type=\"container\">\n\t\t<div class=\"elementor-element elementor-element-75a70f20 e-con-full e-flex e-con e-child\" data-id=\"75a70f20\" data-element_type=\"container\" data-e-type=\"container\" data-settings=\"{&quot;background_background&quot;:&quot;classic&quot;}\">\n\t\t\t\t<div class=\"elementor-element elementor-element-424398be elementor-widget elementor-widget-spacer\" data-id=\"424398be\" data-element_type=\"widget\" data-e-type=\"widget\" data-widget_type=\"spacer.default\">\n\t\t\t\t<div class=\"elementor-widget-container\">\n\t\t\t\t\t\t\t<div class=\"elementor-spacer\">\n\t\t\t<div class=\"elementor-spacer-inner\"><\/div>\n\t\t<\/div>\n\t\t\t\t\t\t<\/div>\n\t\t\t\t<\/div>\n\t\t\t\t<\/div>\n\t\t<div class=\"elementor-element elementor-element-19922cd4 e-con-full e-flex e-con e-child\" data-id=\"19922cd4\" data-element_type=\"container\" data-e-type=\"container\">\n\t\t\t\t<div class=\"elementor-element elementor-element-3c146afc elementor-widget elementor-widget-heading\" data-id=\"3c146afc\" data-element_type=\"widget\" data-e-type=\"widget\" data-widget_type=\"heading.default\">\n\t\t\t\t<div class=\"elementor-widget-container\">\n\t\t\t\t\t<h1 class=\"elementor-heading-title elementor-size-default\">VIP GOLF EVENTS<\/h1>\t\t\t\t<\/div>\n\t\t\t\t<\/div>\n\t\t\t\t<div class=\"elementor-element elementor-element-1c3bff58 elementor-widget elementor-widget-text-editor\" data-id=\"1c3bff58\" data-element_type=\"widget\" data-e-type=\"widget\" data-widget_type=\"text-editor.default\">\n\t\t\t\t<div class=\"elementor-widget-container\">\n\t\t\t\t\t\t\t\t\t<p>In collaboration with Levante Golf, Hoff Copenhagen now offers exclusive golf events in Murcia, Spain.\n\nJoin our VIP tours, that from start to finish have 100% focus on great service and ensure that everyone has the ultimate golf experience.<\/p><p>As a golfer, everything you would expect from the perfect golf vacation will be taken care of, down to the smallest detail.<\/p>\t\t\t\t\t\t\t\t<\/div>\n\t\t\t\t<\/div>\n\t\t\t\t<div class=\"elementor-element elementor-element-53eae3f5 elementor-widget elementor-widget-button\" data-id=\"53eae3f5\" data-element_type=\"widget\" data-e-type=\"widget\" data-widget_type=\"button.default\">\n\t\t\t\t<div class=\"elementor-widget-container\">\n\t\t\t\t\t\t\t\t\t<div class=\"elementor-button-wrapper\">\n\t\t\t\t\t<a class=\"elementor-button elementor-button-link elementor-size-sm\" href=\"https:\/\/www.hoffcph.com\/en\/kontakt-os\/\">\n\t\t\t\t\t\t<span class=\"elementor-button-content-wrapper\">\n\t\t\t\t\t\t\t\t\t<span class=\"elementor-button-text\">CONTACT HOFF COPENHAGEN<\/span>\n\t\t\t\t\t<\/span>\n\t\t\t\t\t<\/a>\n\t\t\t\t<\/div>\n\t\t\t\t\t\t\t\t<\/div>\n\t\t\t\t<\/div>\n\t\t\t\t<\/div>\n\t\t\t\t<\/div>\n\t\t<div class=\"elementor-element elementor-element-1a4b7f37 e-con-full e-flex e-con e-parent\" data-id=\"1a4b7f37\" data-element_type=\"container\" data-e-type=\"container\" data-settings=\"{&quot;background_background&quot;:&quot;classic&quot;}\">\n\t\t<div class=\"elementor-element elementor-element-6f6c3c40 e-con-full e-flex e-con e-child\" data-id=\"6f6c3c40\" data-element_type=\"container\" data-e-type=\"container\">\n\t\t\t\t<div class=\"elementor-element elementor-element-34d5351f elementor-widget elementor-widget-heading\" data-id=\"34d5351f\" data-element_type=\"widget\" data-e-type=\"widget\" data-widget_type=\"heading.default\">\n\t\t\t\t<div class=\"elementor-widget-container\">\n\t\t\t\t\t<h1 class=\"elementor-heading-title elementor-size-default\">LEVANTE GOLF<\/h1>\t\t\t\t<\/div>\n\t\t\t\t<\/div>\n\t\t\t\t<div class=\"elementor-element elementor-element-10848644 elementor-widget elementor-widget-text-editor\" data-id=\"10848644\" data-element_type=\"widget\" data-e-type=\"widget\" data-widget_type=\"text-editor.default\">\n\t\t\t\t<div class=\"elementor-widget-container\">\n\t\t\t\t\t\t\t\t\t<p>We provide the perfect setting for a relaxing stay, where you, as a guest, can dedicate yourself to playing golf \u2013 and enjoy the fact that everything else is taken care of.<br \/>We pay attention to the small details, which we know often make all the difference, such as good planning, personal presence, local knowledge, championship courses, private chauffeur, local culinary experiences, and luxurious surroundings. That's why you're guaranteed a fantastic golf experience when you choose Hoff Copenhagen in collaboration with Levante Golf.<\/p><p>Hoff Copenhagen holds the rights to offer Levante Golf trips in Scandinavia. We offer trips to La Manga Club and Mar Menor.\n\u2003<\/p>\t\t\t\t\t\t\t\t<\/div>\n\t\t\t\t<\/div>\n\t\t\t\t<\/div>\n\t\t<div class=\"elementor-element elementor-element-33fa5a21 e-con-full e-flex e-con e-child\" data-id=\"33fa5a21\" data-element_type=\"container\" data-e-type=\"container\">\n\t\t\t\t<div class=\"elementor-element elementor-element-63ed30c7 elementor-widget elementor-widget-image\" data-id=\"63ed30c7\" data-element_type=\"widget\" data-e-type=\"widget\" data-widget_type=\"image.default\">\n\t\t\t\t<div class=\"elementor-widget-container\">\n\t\t\t\t\t\t\t\t\t\t\t\t\t\t\t<img fetchpriority=\"high\" decoding=\"async\" width=\"800\" height=\"600\" src=\"https:\/\/www.hoffcph.com\/wp-content\/uploads\/2023\/10\/Putting-La-Manga.jpg\" class=\"attachment-large size-large wp-image-230\" alt=\"\" srcset=\"https:\/\/www.hoffcph.com\/wp-content\/uploads\/2023\/10\/Putting-La-Manga.jpg 960w, https:\/\/www.hoffcph.com\/wp-content\/uploads\/2023\/10\/Putting-La-Manga-300x225.jpg 300w, https:\/\/www.hoffcph.com\/wp-content\/uploads\/2023\/10\/Putting-La-Manga-768x576.jpg 768w\" sizes=\"(max-width: 800px) 100vw, 800px\" \/>\t\t\t\t\t\t\t\t\t\t\t\t\t\t\t<\/div>\n\t\t\t\t<\/div>\n\t\t\t\t<\/div>\n\t\t\t\t<\/div>\n\t\t\t\t<\/div>","protected":false},"excerpt":{"rendered":"<p>VIP-Golfevents I samarbejde med Levante Golf tilbyder Hoff Copenhagen nu eksklusive golfevents i Murcia i Spanien. Tag med p\u00e5 VIP-ture, hvor der fra start til slut er 100 % fokus p\u00e5 god service, og hvor alle deltagere er garanteret den ultimative golfoplevelse. Vi s\u00f8rger helt ned til den mindste detalje for alt det, du som [&hellip;]<\/p>","protected":false},"author":1,"featured_media":0,"parent":0,"menu_order":0,"comment_status":"closed","ping_status":"closed","template":"elementor_header_footer","meta":{"inline_featured_image":false,"footnotes":""},"class_list":["post-227","page","type-page","status-publish","hentry"],"yoast_head":"<!-- This site is optimized with the Yoast SEO plugin v27.4 - https:\/\/yoast.com\/product\/yoast-seo-wordpress\/ -->\n<title>Golf events - Events<\/title>\n<meta name=\"robots\" content=\"index, follow, max-snippet:-1, max-image-preview:large, max-video-preview:-1\" \/>\n<link rel=\"canonical\" href=\"https:\/\/www.hoffcph.com\/en\/golf-events\/\" \/>\n<meta property=\"og:locale\" content=\"en_GB\" \/>\n<meta property=\"og:type\" content=\"article\" \/>\n<meta property=\"og:title\" content=\"Golf events - Events\" \/>\n<meta property=\"og:description\" content=\"VIP-Golfevents I samarbejde med Levante Golf tilbyder Hoff Copenhagen nu eksklusive golfevents i Murcia i Spanien. Tag med p\u00e5 VIP-ture, hvor der fra start til slut er 100 % fokus p\u00e5 god service, og hvor alle deltagere er garanteret den ultimative golfoplevelse. Vi s\u00f8rger helt ned til den mindste detalje for alt det, du som [&hellip;]\" \/>\n<meta property=\"og:url\" content=\"https:\/\/www.hoffcph.com\/en\/golf-events\/\" \/>\n<meta property=\"og:site_name\" content=\"Events\" \/>\n<meta property=\"article:modified_time\" content=\"2024-07-28T10:53:54+00:00\" \/>\n<meta property=\"og:image\" content=\"https:\/\/www.hoffcph.com\/wp-content\/uploads\/2023\/10\/Putting-La-Manga.jpg\" \/>\n<meta name=\"twitter:card\" content=\"summary_large_image\" \/>\n<meta name=\"twitter:label1\" content=\"Estimated reading time\" \/>\n\t<meta name=\"twitter:data1\" content=\"2 minutes\" \/>\n<script type=\"application\/ld+json\" class=\"yoast-schema-graph\">{\"@context\":\"https:\\\/\\\/schema.org\",\"@graph\":[{\"@type\":\"WebPage\",\"@id\":\"https:\\\/\\\/www.hoffcph.com\\\/golf-events\\\/\",\"url\":\"https:\\\/\\\/www.hoffcph.com\\\/golf-events\\\/\",\"name\":\"Golf events - Events\",\"isPartOf\":{\"@id\":\"https:\\\/\\\/www.hoffcph.com\\\/#website\"},\"primaryImageOfPage\":{\"@id\":\"https:\\\/\\\/www.hoffcph.com\\\/golf-events\\\/#primaryimage\"},\"image\":{\"@id\":\"https:\\\/\\\/www.hoffcph.com\\\/golf-events\\\/#primaryimage\"},\"thumbnailUrl\":\"https:\\\/\\\/www.hoffcph.com\\\/wp-content\\\/uploads\\\/2023\\\/10\\\/Putting-La-Manga.jpg\",\"datePublished\":\"2023-10-29T18:33:29+00:00\",\"dateModified\":\"2024-07-28T10:53:54+00:00\",\"breadcrumb\":{\"@id\":\"https:\\\/\\\/www.hoffcph.com\\\/golf-events\\\/#breadcrumb\"},\"inLanguage\":\"en-GB\",\"potentialAction\":[{\"@type\":\"ReadAction\",\"target\":[\"https:\\\/\\\/www.hoffcph.com\\\/golf-events\\\/\"]}]},{\"@type\":\"ImageObject\",\"inLanguage\":\"en-GB\",\"@id\":\"https:\\\/\\\/www.hoffcph.com\\\/golf-events\\\/#primaryimage\",\"url\":\"https:\\\/\\\/www.hoffcph.com\\\/wp-content\\\/uploads\\\/2023\\\/10\\\/Putting-La-Manga.jpg\",\"contentUrl\":\"https:\\\/\\\/www.hoffcph.com\\\/wp-content\\\/uploads\\\/2023\\\/10\\\/Putting-La-Manga.jpg\"},{\"@type\":\"BreadcrumbList\",\"@id\":\"https:\\\/\\\/www.hoffcph.com\\\/golf-events\\\/#breadcrumb\",\"itemListElement\":[{\"@type\":\"ListItem\",\"position\":1,\"name\":\"Hjem\",\"item\":\"https:\\\/\\\/www.hoffcph.com\\\/\"},{\"@type\":\"ListItem\",\"position\":2,\"name\":\"Golf events\"}]},{\"@type\":\"WebSite\",\"@id\":\"https:\\\/\\\/www.hoffcph.com\\\/#website\",\"url\":\"https:\\\/\\\/www.hoffcph.com\\\/\",\"name\":\"Events\",\"description\":\"\",\"publisher\":{\"@id\":\"https:\\\/\\\/www.hoffcph.com\\\/#organization\"},\"potentialAction\":[{\"@type\":\"SearchAction\",\"target\":{\"@type\":\"EntryPoint\",\"urlTemplate\":\"https:\\\/\\\/www.hoffcph.com\\\/?s={search_term_string}\"},\"query-input\":{\"@type\":\"PropertyValueSpecification\",\"valueRequired\":true,\"valueName\":\"search_term_string\"}}],\"inLanguage\":\"en-GB\"},{\"@type\":\"Organization\",\"@id\":\"https:\\\/\\\/www.hoffcph.com\\\/#organization\",\"name\":\"Events\",\"url\":\"https:\\\/\\\/www.hoffcph.com\\\/\",\"logo\":{\"@type\":\"ImageObject\",\"inLanguage\":\"en-GB\",\"@id\":\"https:\\\/\\\/www.hoffcph.com\\\/#\\\/schema\\\/logo\\\/image\\\/\",\"url\":\"https:\\\/\\\/www.hoffcph.com\\\/wp-content\\\/uploads\\\/2023\\\/10\\\/HOFFCPH_logo_2023_tagline_Gold.png\",\"contentUrl\":\"https:\\\/\\\/www.hoffcph.com\\\/wp-content\\\/uploads\\\/2023\\\/10\\\/HOFFCPH_logo_2023_tagline_Gold.png\",\"width\":800,\"height\":335,\"caption\":\"Events\"},\"image\":{\"@id\":\"https:\\\/\\\/www.hoffcph.com\\\/#\\\/schema\\\/logo\\\/image\\\/\"}}]}<\/script>\n<!-- \/ Yoast SEO plugin. -->","yoast_head_json":{"title":"Golf events - Events","robots":{"index":"index","follow":"follow","max-snippet":"max-snippet:-1","max-image-preview":"max-image-preview:large","max-video-preview":"max-video-preview:-1"},"canonical":"https:\/\/www.hoffcph.com\/en\/golf-events\/","og_locale":"en_GB","og_type":"article","og_title":"Golf events - Events","og_description":"VIP-Golfevents I samarbejde med Levante Golf tilbyder Hoff Copenhagen nu eksklusive golfevents i Murcia i Spanien. Tag med p\u00e5 VIP-ture, hvor der fra start til slut er 100 % fokus p\u00e5 god service, og hvor alle deltagere er garanteret den ultimative golfoplevelse. Vi s\u00f8rger helt ned til den mindste detalje for alt det, du som [&hellip;]","og_url":"https:\/\/www.hoffcph.com\/en\/golf-events\/","og_site_name":"Events","article_modified_time":"2024-07-28T10:53:54+00:00","og_image":[{"url":"https:\/\/www.hoffcph.com\/wp-content\/uploads\/2023\/10\/Putting-La-Manga.jpg","type":"","width":"","height":""}],"twitter_card":"summary_large_image","twitter_misc":{"Estimated reading time":"2 minutes"},"schema":{"@context":"https:\/\/schema.org","@graph":[{"@type":"WebPage","@id":"https:\/\/www.hoffcph.com\/golf-events\/","url":"https:\/\/www.hoffcph.com\/golf-events\/","name":"Golf events - Events","isPartOf":{"@id":"https:\/\/www.hoffcph.com\/#website"},"primaryImageOfPage":{"@id":"https:\/\/www.hoffcph.com\/golf-events\/#primaryimage"},"image":{"@id":"https:\/\/www.hoffcph.com\/golf-events\/#primaryimage"},"thumbnailUrl":"https:\/\/www.hoffcph.com\/wp-content\/uploads\/2023\/10\/Putting-La-Manga.jpg","datePublished":"2023-10-29T18:33:29+00:00","dateModified":"2024-07-28T10:53:54+00:00","breadcrumb":{"@id":"https:\/\/www.hoffcph.com\/golf-events\/#breadcrumb"},"inLanguage":"en-GB","potentialAction":[{"@type":"ReadAction","target":["https:\/\/www.hoffcph.com\/golf-events\/"]}]},{"@type":"ImageObject","inLanguage":"en-GB","@id":"https:\/\/www.hoffcph.com\/golf-events\/#primaryimage","url":"https:\/\/www.hoffcph.com\/wp-content\/uploads\/2023\/10\/Putting-La-Manga.jpg","contentUrl":"https:\/\/www.hoffcph.com\/wp-content\/uploads\/2023\/10\/Putting-La-Manga.jpg"},{"@type":"BreadcrumbList","@id":"https:\/\/www.hoffcph.com\/golf-events\/#breadcrumb","itemListElement":[{"@type":"ListItem","position":1,"name":"Hjem","item":"https:\/\/www.hoffcph.com\/"},{"@type":"ListItem","position":2,"name":"Golf events"}]},{"@type":"WebSite","@id":"https:\/\/www.hoffcph.com\/#website","url":"https:\/\/www.hoffcph.com\/","name":"Events","description":"","publisher":{"@id":"https:\/\/www.hoffcph.com\/#organization"},"potentialAction":[{"@type":"SearchAction","target":{"@type":"EntryPoint","urlTemplate":"https:\/\/www.hoffcph.com\/?s={search_term_string}"},"query-input":{"@type":"PropertyValueSpecification","valueRequired":true,"valueName":"search_term_string"}}],"inLanguage":"en-GB"},{"@type":"Organization","@id":"https:\/\/www.hoffcph.com\/#organization","name":"Events","url":"https:\/\/www.hoffcph.com\/","logo":{"@type":"ImageObject","inLanguage":"en-GB","@id":"https:\/\/www.hoffcph.com\/#\/schema\/logo\/image\/","url":"https:\/\/www.hoffcph.com\/wp-content\/uploads\/2023\/10\/HOFFCPH_logo_2023_tagline_Gold.png","contentUrl":"https:\/\/www.hoffcph.com\/wp-content\/uploads\/2023\/10\/HOFFCPH_logo_2023_tagline_Gold.png","width":800,"height":335,"caption":"Events"},"image":{"@id":"https:\/\/www.hoffcph.com\/#\/schema\/logo\/image\/"}}]}},"_links":{"self":[{"href":"https:\/\/www.hoffcph.com\/en\/wp-json\/wp\/v2\/pages\/227","targetHints":{"allow":["GET"]}}],"collection":[{"href":"https:\/\/www.hoffcph.com\/en\/wp-json\/wp\/v2\/pages"}],"about":[{"href":"https:\/\/www.hoffcph.com\/en\/wp-json\/wp\/v2\/types\/page"}],"author":[{"embeddable":true,"href":"https:\/\/www.hoffcph.com\/en\/wp-json\/wp\/v2\/users\/1"}],"replies":[{"embeddable":true,"href":"https:\/\/www.hoffcph.com\/en\/wp-json\/wp\/v2\/comments?post=227"}],"version-history":[{"count":22,"href":"https:\/\/www.hoffcph.com\/en\/wp-json\/wp\/v2\/pages\/227\/revisions"}],"predecessor-version":[{"id":1265,"href":"https:\/\/www.hoffcph.com\/en\/wp-json\/wp\/v2\/pages\/227\/revisions\/1265"}],"wp:attachment":[{"href":"https:\/\/www.hoffcph.com\/en\/wp-json\/wp\/v2\/media?parent=227"}],"curies":[{"name":"wp","href":"https:\/\/api.w.org\/{rel}","templated":true}]}}