{"id":180,"date":"2023-10-29T17:46:55","date_gmt":"2023-10-29T17:46:55","guid":{"rendered":"https:\/\/www.hoffcph.com\/?page_id=180"},"modified":"2024-07-28T10:55:31","modified_gmt":"2024-07-28T10:55:31","slug":"kontakt-os","status":"publish","type":"page","link":"https:\/\/www.hoffcph.com\/en\/kontakt-os\/","title":{"rendered":"CONTACT HOFF COPENHAGEN"},"content":{"rendered":"<div data-elementor-type=\"wp-page\" data-elementor-id=\"180\" class=\"elementor elementor-180\" data-elementor-post-type=\"page\">\n\t\t\t\t<div class=\"elementor-element elementor-element-15db9729 e-con-full e-flex e-con e-parent\" data-id=\"15db9729\" data-element_type=\"container\" data-e-type=\"container\">\n\t\t<div class=\"elementor-element elementor-element-55f4b994 e-con-full e-flex e-con e-child\" data-id=\"55f4b994\" data-element_type=\"container\" data-e-type=\"container\" data-settings=\"{&quot;background_background&quot;:&quot;classic&quot;}\">\n\t\t\t\t<div class=\"elementor-element elementor-element-2cfce0c elementor-widget elementor-widget-spacer\" data-id=\"2cfce0c\" data-element_type=\"widget\" data-e-type=\"widget\" data-widget_type=\"spacer.default\">\n\t\t\t\t<div class=\"elementor-widget-container\">\n\t\t\t\t\t\t\t<div class=\"elementor-spacer\">\n\t\t\t<div class=\"elementor-spacer-inner\"><\/div>\n\t\t<\/div>\n\t\t\t\t\t\t<\/div>\n\t\t\t\t<\/div>\n\t\t\t\t<\/div>\n\t\t<div class=\"elementor-element elementor-element-47f99b15 e-con-full e-flex e-con e-child\" data-id=\"47f99b15\" data-element_type=\"container\" data-e-type=\"container\">\n\t\t\t\t<div class=\"elementor-element elementor-element-a4ae7c8 elementor-widget elementor-widget-heading\" data-id=\"a4ae7c8\" data-element_type=\"widget\" data-e-type=\"widget\" data-widget_type=\"heading.default\">\n\t\t\t\t<div class=\"elementor-widget-container\">\n\t\t\t\t\t<h1 class=\"elementor-heading-title elementor-size-default\">CONTACT US<\/h1>\t\t\t\t<\/div>\n\t\t\t\t<\/div>\n\t\t\t\t<div class=\"elementor-element elementor-element-409bef34 elementor-widget elementor-widget-text-editor\" data-id=\"409bef34\" data-element_type=\"widget\" data-e-type=\"widget\" data-widget_type=\"text-editor.default\">\n\t\t\t\t<div class=\"elementor-widget-container\">\n\t\t\t\t\t\t\t\t\t<p>You are always welcome to contact us to arrange an informal meeting over a cup of coffee. Call, write, or fill out the contact form below.<\/p><p>We are also happy to stop by and visit you.<\/p>\t\t\t\t\t\t\t\t<\/div>\n\t\t\t\t<\/div>\n\t\t\t\t<\/div>\n\t\t\t\t<\/div>\n\t\t<div class=\"elementor-element elementor-element-f261f93 e-flex e-con-boxed e-con e-parent\" data-id=\"f261f93\" data-element_type=\"container\" data-e-type=\"container\" data-settings=\"{&quot;background_background&quot;:&quot;classic&quot;}\">\n\t\t\t\t\t<div class=\"e-con-inner\">\n\t\t\t\t<div class=\"elementor-element elementor-element-23ec541 elementor-widget elementor-widget-heading\" data-id=\"23ec541\" data-element_type=\"widget\" data-e-type=\"widget\" data-widget_type=\"heading.default\">\n\t\t\t\t<div class=\"elementor-widget-container\">\n\t\t\t\t\t<h1 class=\"elementor-heading-title elementor-size-default\">Fill out the form, and we will get back to you as soon as possible.<\/h1>\t\t\t\t<\/div>\n\t\t\t\t<\/div>\n\t\t\t\t<div class=\"elementor-element elementor-element-defbe59 elementor-button-align-start elementor-widget elementor-widget-form\" data-id=\"defbe59\" data-element_type=\"widget\" data-e-type=\"widget\" data-settings=\"{&quot;step_next_label&quot;:&quot;N\\u00e6ste&quot;,&quot;step_previous_label&quot;:&quot;Tidligere&quot;,&quot;button_width&quot;:&quot;100&quot;,&quot;step_type&quot;:&quot;number_text&quot;,&quot;step_icon_shape&quot;:&quot;circle&quot;}\" data-widget_type=\"form.default\">\n\t\t\t\t<div class=\"elementor-widget-container\">\n\t\t\t\t\t\t\t<form class=\"elementor-form\" method=\"post\" name=\"Ny formular\" aria-label=\"Ny formular\" action=\"\">\n\t\t\t<input type=\"hidden\" name=\"post_id\" value=\"180\"\/>\n\t\t\t<input type=\"hidden\" name=\"form_id\" value=\"defbe59\"\/>\n\t\t\t<input type=\"hidden\" name=\"referer_title\" value=\"Kontakt os - Events\" \/>\n\n\t\t\t\t\t\t\t<input type=\"hidden\" name=\"queried_id\" value=\"180\"\/>\n\t\t\t\n\t\t\t<div class=\"elementor-form-fields-wrapper elementor-labels-\">\n\t\t\t\t\t\t\t\t<div class=\"elementor-field-type-text elementor-field-group elementor-column elementor-field-group-name elementor-col-100 elementor-field-required\">\n\t\t\t\t\t\t\t\t\t\t\t\t<label for=\"form-field-name\" class=\"elementor-field-label elementor-screen-only\">\n\t\t\t\t\t\t\t\tName\t\t\t\t\t\t\t<\/label>\n\t\t\t\t\t\t\t\t\t\t\t\t\t\t<input size=\"1\" type=\"text\" name=\"form_fields[name]\" id=\"form-field-name\" class=\"elementor-field elementor-size-sm  elementor-field-textual\" placeholder=\"Name\" required=\"required\">\n\t\t\t\t\t\t\t\t\t\t\t<\/div>\n\t\t\t\t\t\t\t\t<div class=\"elementor-field-type-text elementor-field-group elementor-column elementor-field-group-field_1392db1 elementor-col-100\">\n\t\t\t\t\t\t\t\t\t\t\t\t<label for=\"form-field-field_1392db1\" class=\"elementor-field-label elementor-screen-only\">\n\t\t\t\t\t\t\t\tCompany\t\t\t\t\t\t\t<\/label>\n\t\t\t\t\t\t\t\t\t\t\t\t\t\t<input size=\"1\" type=\"text\" name=\"form_fields[field_1392db1]\" id=\"form-field-field_1392db1\" class=\"elementor-field elementor-size-sm  elementor-field-textual\" placeholder=\"Company\">\n\t\t\t\t\t\t\t\t\t\t\t<\/div>\n\t\t\t\t\t\t\t\t<div class=\"elementor-field-type-email elementor-field-group elementor-column elementor-field-group-email elementor-col-100 elementor-field-required\">\n\t\t\t\t\t\t\t\t\t\t\t\t<label for=\"form-field-email\" class=\"elementor-field-label elementor-screen-only\">\n\t\t\t\t\t\t\t\tEmail\t\t\t\t\t\t\t<\/label>\n\t\t\t\t\t\t\t\t\t\t\t\t\t\t<input size=\"1\" type=\"email\" name=\"form_fields[email]\" id=\"form-field-email\" class=\"elementor-field elementor-size-sm  elementor-field-textual\" placeholder=\"Email\" required=\"required\">\n\t\t\t\t\t\t\t\t\t\t\t<\/div>\n\t\t\t\t\t\t\t\t<div class=\"elementor-field-type-tel elementor-field-group elementor-column elementor-field-group-field_e2f2c2d elementor-col-100\">\n\t\t\t\t\t\t\t\t\t\t\t\t<label for=\"form-field-field_e2f2c2d\" class=\"elementor-field-label elementor-screen-only\">\n\t\t\t\t\t\t\t\tTelephone\t\t\t\t\t\t\t<\/label>\n\t\t\t\t\t\t\t\t<input size=\"1\" type=\"tel\" name=\"form_fields[field_e2f2c2d]\" id=\"form-field-field_e2f2c2d\" class=\"elementor-field elementor-size-sm  elementor-field-textual\" placeholder=\"Telephone\" pattern=\"[0-9()#&amp;+*-=.]+\" title=\"Kun tal og telefonkarakterer (#,-,*, o.s.v.) accepteres.\">\n\n\t\t\t\t\t\t<\/div>\n\t\t\t\t\t\t\t\t<div class=\"elementor-field-type-text\">\n\t\t\t\t\t<input size=\"1\" type=\"text\" name=\"form_fields[field_4c0c934]\" id=\"form-field-field_4c0c934\" class=\"elementor-field elementor-size-sm\" style=\"display:none !important;\">\t\t\t\t<\/div>\n\t\t\t\t\t\t\t\t<div class=\"elementor-field-type-textarea elementor-field-group elementor-column elementor-field-group-message elementor-col-100\">\n\t\t\t\t\t\t\t\t\t\t\t\t<label for=\"form-field-message\" class=\"elementor-field-label elementor-screen-only\">\n\t\t\t\t\t\t\t\tMessage\t\t\t\t\t\t\t<\/label>\n\t\t\t\t\t\t<textarea class=\"elementor-field-textual elementor-field  elementor-size-sm\" name=\"form_fields[message]\" id=\"form-field-message\" rows=\"4\" placeholder=\"Message\"><\/textarea>\t\t\t\t<\/div>\n\t\t\t\t\t\t\t\t<div class=\"elementor-field-group elementor-column elementor-field-type-submit elementor-col-100 e-form__buttons\">\n\t\t\t\t\t<button class=\"elementor-button elementor-size-sm\" type=\"submit\">\n\t\t\t\t\t\t<span class=\"elementor-button-content-wrapper\">\n\t\t\t\t\t\t\t\t\t\t\t\t\t\t\t\t\t\t\t\t\t\t<span class=\"elementor-button-text\">CONTACT US<\/span>\n\t\t\t\t\t\t\t\t\t\t\t\t\t<\/span>\n\t\t\t\t\t<\/button>\n\t\t\t\t<\/div>\n\t\t\t<\/div>\n\t\t<input type=\"hidden\" name=\"trp-form-language\" value=\"en\"\/><\/form>\n\t\t\t\t\t\t<\/div>\n\t\t\t\t<\/div>\n\t\t\t\t\t<\/div>\n\t\t\t\t<\/div>\n\t\t\t\t<\/div>","protected":false},"excerpt":{"rendered":"<p>KONTAKT OS Du er altid velkommen til at kontakte os for at aftale et uforpligtende m\u00f8de over en kop kaffe. Ring, skriv eller udfyld kontaktformularen herunder. Vi kommer naturligvis ogs\u00e5 gerne forbi dig. Udfyld formularen, s\u00e5 kontakter vi dig hurtigst muligt<\/p>","protected":false},"author":1,"featured_media":0,"parent":0,"menu_order":0,"comment_status":"closed","ping_status":"closed","template":"elementor_header_footer","meta":{"inline_featured_image":false,"footnotes":""},"class_list":["post-180","page","type-page","status-publish","hentry"],"yoast_head":"<!-- This site is optimized with the Yoast SEO plugin v27.4 - https:\/\/yoast.com\/product\/yoast-seo-wordpress\/ -->\n<title>Kontakt os - Events<\/title>\n<meta name=\"robots\" content=\"index, follow, max-snippet:-1, max-image-preview:large, max-video-preview:-1\" \/>\n<link rel=\"canonical\" href=\"https:\/\/www.hoffcph.com\/en\/kontakt-os\/\" \/>\n<meta property=\"og:locale\" content=\"en_GB\" \/>\n<meta property=\"og:type\" content=\"article\" \/>\n<meta property=\"og:title\" content=\"Kontakt os - Events\" \/>\n<meta property=\"og:description\" content=\"KONTAKT OS Du er altid velkommen til at kontakte os for at aftale et uforpligtende m\u00f8de over en kop kaffe. Ring, skriv eller udfyld kontaktformularen herunder. Vi kommer naturligvis ogs\u00e5 gerne forbi dig. Udfyld formularen, s\u00e5 kontakter vi dig hurtigst muligt\" \/>\n<meta property=\"og:url\" content=\"https:\/\/www.hoffcph.com\/en\/kontakt-os\/\" \/>\n<meta property=\"og:site_name\" content=\"Events\" \/>\n<meta property=\"article:modified_time\" content=\"2024-07-28T10:55:31+00:00\" \/>\n<meta name=\"twitter:card\" content=\"summary_large_image\" \/>\n<meta name=\"twitter:label1\" content=\"Estimated reading time\" \/>\n\t<meta name=\"twitter:data1\" content=\"1 minute\" \/>\n<script type=\"application\/ld+json\" class=\"yoast-schema-graph\">{\"@context\":\"https:\\\/\\\/schema.org\",\"@graph\":[{\"@type\":\"WebPage\",\"@id\":\"https:\\\/\\\/www.hoffcph.com\\\/kontakt-os\\\/\",\"url\":\"https:\\\/\\\/www.hoffcph.com\\\/kontakt-os\\\/\",\"name\":\"Kontakt os - Events\",\"isPartOf\":{\"@id\":\"https:\\\/\\\/www.hoffcph.com\\\/#website\"},\"datePublished\":\"2023-10-29T17:46:55+00:00\",\"dateModified\":\"2024-07-28T10:55:31+00:00\",\"breadcrumb\":{\"@id\":\"https:\\\/\\\/www.hoffcph.com\\\/kontakt-os\\\/#breadcrumb\"},\"inLanguage\":\"en-GB\",\"potentialAction\":[{\"@type\":\"ReadAction\",\"target\":[\"https:\\\/\\\/www.hoffcph.com\\\/kontakt-os\\\/\"]}]},{\"@type\":\"BreadcrumbList\",\"@id\":\"https:\\\/\\\/www.hoffcph.com\\\/kontakt-os\\\/#breadcrumb\",\"itemListElement\":[{\"@type\":\"ListItem\",\"position\":1,\"name\":\"Hjem\",\"item\":\"https:\\\/\\\/www.hoffcph.com\\\/\"},{\"@type\":\"ListItem\",\"position\":2,\"name\":\"Kontakt os\"}]},{\"@type\":\"WebSite\",\"@id\":\"https:\\\/\\\/www.hoffcph.com\\\/#website\",\"url\":\"https:\\\/\\\/www.hoffcph.com\\\/\",\"name\":\"Events\",\"description\":\"\",\"publisher\":{\"@id\":\"https:\\\/\\\/www.hoffcph.com\\\/#organization\"},\"potentialAction\":[{\"@type\":\"SearchAction\",\"target\":{\"@type\":\"EntryPoint\",\"urlTemplate\":\"https:\\\/\\\/www.hoffcph.com\\\/?s={search_term_string}\"},\"query-input\":{\"@type\":\"PropertyValueSpecification\",\"valueRequired\":true,\"valueName\":\"search_term_string\"}}],\"inLanguage\":\"en-GB\"},{\"@type\":\"Organization\",\"@id\":\"https:\\\/\\\/www.hoffcph.com\\\/#organization\",\"name\":\"Events\",\"url\":\"https:\\\/\\\/www.hoffcph.com\\\/\",\"logo\":{\"@type\":\"ImageObject\",\"inLanguage\":\"en-GB\",\"@id\":\"https:\\\/\\\/www.hoffcph.com\\\/#\\\/schema\\\/logo\\\/image\\\/\",\"url\":\"https:\\\/\\\/www.hoffcph.com\\\/wp-content\\\/uploads\\\/2023\\\/10\\\/HOFFCPH_logo_2023_tagline_Gold.png\",\"contentUrl\":\"https:\\\/\\\/www.hoffcph.com\\\/wp-content\\\/uploads\\\/2023\\\/10\\\/HOFFCPH_logo_2023_tagline_Gold.png\",\"width\":800,\"height\":335,\"caption\":\"Events\"},\"image\":{\"@id\":\"https:\\\/\\\/www.hoffcph.com\\\/#\\\/schema\\\/logo\\\/image\\\/\"}}]}<\/script>\n<!-- \/ Yoast SEO plugin. -->","yoast_head_json":{"title":"Kontakt os - Events","robots":{"index":"index","follow":"follow","max-snippet":"max-snippet:-1","max-image-preview":"max-image-preview:large","max-video-preview":"max-video-preview:-1"},"canonical":"https:\/\/www.hoffcph.com\/en\/kontakt-os\/","og_locale":"en_GB","og_type":"article","og_title":"Kontakt os - Events","og_description":"KONTAKT OS Du er altid velkommen til at kontakte os for at aftale et uforpligtende m\u00f8de over en kop kaffe. Ring, skriv eller udfyld kontaktformularen herunder. Vi kommer naturligvis ogs\u00e5 gerne forbi dig. Udfyld formularen, s\u00e5 kontakter vi dig hurtigst muligt","og_url":"https:\/\/www.hoffcph.com\/en\/kontakt-os\/","og_site_name":"Events","article_modified_time":"2024-07-28T10:55:31+00:00","twitter_card":"summary_large_image","twitter_misc":{"Estimated reading time":"1 minute"},"schema":{"@context":"https:\/\/schema.org","@graph":[{"@type":"WebPage","@id":"https:\/\/www.hoffcph.com\/kontakt-os\/","url":"https:\/\/www.hoffcph.com\/kontakt-os\/","name":"Kontakt os - Events","isPartOf":{"@id":"https:\/\/www.hoffcph.com\/#website"},"datePublished":"2023-10-29T17:46:55+00:00","dateModified":"2024-07-28T10:55:31+00:00","breadcrumb":{"@id":"https:\/\/www.hoffcph.com\/kontakt-os\/#breadcrumb"},"inLanguage":"en-GB","potentialAction":[{"@type":"ReadAction","target":["https:\/\/www.hoffcph.com\/kontakt-os\/"]}]},{"@type":"BreadcrumbList","@id":"https:\/\/www.hoffcph.com\/kontakt-os\/#breadcrumb","itemListElement":[{"@type":"ListItem","position":1,"name":"Hjem","item":"https:\/\/www.hoffcph.com\/"},{"@type":"ListItem","position":2,"name":"Kontakt os"}]},{"@type":"WebSite","@id":"https:\/\/www.hoffcph.com\/#website","url":"https:\/\/www.hoffcph.com\/","name":"Events","description":"","publisher":{"@id":"https:\/\/www.hoffcph.com\/#organization"},"potentialAction":[{"@type":"SearchAction","target":{"@type":"EntryPoint","urlTemplate":"https:\/\/www.hoffcph.com\/?s={search_term_string}"},"query-input":{"@type":"PropertyValueSpecification","valueRequired":true,"valueName":"search_term_string"}}],"inLanguage":"en-GB"},{"@type":"Organization","@id":"https:\/\/www.hoffcph.com\/#organization","name":"Events","url":"https:\/\/www.hoffcph.com\/","logo":{"@type":"ImageObject","inLanguage":"en-GB","@id":"https:\/\/www.hoffcph.com\/#\/schema\/logo\/image\/","url":"https:\/\/www.hoffcph.com\/wp-content\/uploads\/2023\/10\/HOFFCPH_logo_2023_tagline_Gold.png","contentUrl":"https:\/\/www.hoffcph.com\/wp-content\/uploads\/2023\/10\/HOFFCPH_logo_2023_tagline_Gold.png","width":800,"height":335,"caption":"Events"},"image":{"@id":"https:\/\/www.hoffcph.com\/#\/schema\/logo\/image\/"}}]}},"_links":{"self":[{"href":"https:\/\/www.hoffcph.com\/en\/wp-json\/wp\/v2\/pages\/180","targetHints":{"allow":["GET"]}}],"collection":[{"href":"https:\/\/www.hoffcph.com\/en\/wp-json\/wp\/v2\/pages"}],"about":[{"href":"https:\/\/www.hoffcph.com\/en\/wp-json\/wp\/v2\/types\/page"}],"author":[{"embeddable":true,"href":"https:\/\/www.hoffcph.com\/en\/wp-json\/wp\/v2\/users\/1"}],"replies":[{"embeddable":true,"href":"https:\/\/www.hoffcph.com\/en\/wp-json\/wp\/v2\/comments?post=180"}],"version-history":[{"count":43,"href":"https:\/\/www.hoffcph.com\/en\/wp-json\/wp\/v2\/pages\/180\/revisions"}],"predecessor-version":[{"id":1268,"href":"https:\/\/www.hoffcph.com\/en\/wp-json\/wp\/v2\/pages\/180\/revisions\/1268"}],"wp:attachment":[{"href":"https:\/\/www.hoffcph.com\/en\/wp-json\/wp\/v2\/media?parent=180"}],"curies":[{"name":"wp","href":"https:\/\/api.w.org\/{rel}","templated":true}]}}